{"id":250,"date":"2021-09-02T11:33:38","date_gmt":"2021-09-02T11:33:38","guid":{"rendered":"http:\/\/jsrs.com.br\/web\/?page_id=250"},"modified":"2021-09-21T14:30:45","modified_gmt":"2021-09-21T14:30:45","slug":"servicos","status":"publish","type":"page","link":"http:\/\/jsrs.com.br\/?page_id=250","title":{"rendered":"Servi\u00e7os"},"content":{"rendered":"<script type='text\/javascript'>\r\n\tjQuery(document).ready(function ($) {\r\n\t\t$('#responsiveTabs-282').responsiveTabs({\r\n\t\t\tcollapsible: true,\r\n\t\t\tanimation: 'fade',\r\n\t\t\tduration: 500,\r\n\t\t\tactive:4,\t\t\t\r\n\t\t\t});\r\n\t\r\n\t\r\n\t\t});\r\n\t<\/script><style type=\"text\/css\">#tabs-282{} #tabs-282 .tabs-nav-items{} #tabs-282 .tabs-content{}\r\n\t\t\r\n\t\t#responsiveTabs-282{\r\n\t\t\t\r\n\t\t\tpadding:;\r\n\t\t\tmargin:;\t\t\t\r\n\t\t\t\r\n\t\t\t}\t\t\r\n\t\t#responsiveTabs-282 ul.tabs-nav li.tabs-nav-items,\r\n\t\t#responsiveTabs-282  .r-tabs-accordion-title{\r\n\t\t\t\r\n\t\t\tbackground: #bababa;\r\n\t\t\tpadding: ;\r\n\t\t\tmargin: ;\t\t\t\t\t\r\n\t\t\t\r\n\t\t\t}#responsiveTabs-282 ul.tabs-nav li.r-tabs-state-active ,\r\n\t\t#responsiveTabs-282 div.r-tabs-state-active ,\r\n\t\t#responsiveTabs-282 .r-tabs-panel.r-tabs-state-active{\r\n\t\t\t\r\n\t\t\tbackground: #f2f2f2;\r\n\t\t\t}#responsiveTabs-282 .r-tabs-panel{\r\n\t\t\t\r\n\t\t\tbackground: #f2f2f2;\r\n\t\t\tpadding: ;\r\n\t\t\tmargin: ;\t\t\t\r\n\t\t\t\r\n\t\t\t}\t\t\r\n\t\t\r\n\t\t\r\n\t\t#responsiveTabs-282  .r-tabs-accordion-title a{\r\n\t\t\t\r\n\t\t\tcolor:#0a0a0a;\r\n\t\t\t\r\n\t\t\t}\r\n\t\t\r\n\t\t\r\n\t\t\r\n\t\t\r\n\t\t\r\n\t\t<\/style><div id=\"responsiveTabs-282\"  class=\"tabs-container tabs-rounded-top\" style=\"background-image:url()\"><ul  id=\"tabs-282\" class=\"tabs-nav\"><li class=\"tabs-nav-items\"><a style=\"color:#0a0a0a;font-size:14px\" href=\"#tab-282-0\"><i class=\"fa fa-adjust\"><\/i>SOLU\u00c7\u00d5ES<\/a><\/li><li class=\"tabs-nav-items\"><a style=\"color:#0a0a0a;font-size:14px\" href=\"#tab-282-1631882635917\"><i class=\"fa fa-bars\"><\/i>SKYONE<\/a><\/li><\/ul><div style=\"color:#ffffff;font-size:13px\" id=\"tab-282-0\" class=\"tabs-content\"><p class=\"x_MsoNormal\">A implementa\u00e7\u00e3o e a integra\u00e7\u00e3o de solu\u00e7\u00f5es de seguran\u00e7a pode ser uma tarefa complexa, que exige alto conhecimento dos recursos. A JSRS inform\u00e1tica junto com a SKYONE fornece servi\u00e7os de migra\u00e7\u00e3o simplificada para ajud\u00e1-lo a minimizar os custos com treinamento de novos recursos para Nuvem e com especialista Respons\u00e1veis por planejar, migrar, sustentar e otimizar as aplica\u00e7\u00f5es em nuvem.<\/p>\n<p class=\"x_MsoNormal\">Framework certo para a jornada digital. Transforme seus sistemas e aplica\u00e7\u00f5es em SaaS (Software como Servi\u00e7o) migrando para um ambiente na nuvem seguro e escal\u00e1vel . Nossos especialistas em servi\u00e7os ajudam a identificar as melhores solu\u00e7\u00f5es de tecnologia, com benef\u00edcios para realizar as atividades de integra\u00e7\u00e3o para Nuvem , Manuten\u00e7\u00e3o da infraestrutura ,licenciamento e escalabilidade , Prote\u00e7\u00e3o de Dados e Backup e Redu\u00e7\u00e3o de custo.<\/p>\n<p class=\"x_MsoNormal\">Nossos consultores e especialistas em integra\u00e7\u00e3o e migra\u00e7\u00e3o possuem vasta experi\u00eancia em Infraestrutura Cloud com diversos certificados de Seguran\u00e7a, al\u00e9m de um comprovado portf\u00f3lio de sucesso.<\/p>\n<\/div><div style=\"color:#ffffff;font-size:13px\" id=\"tab-282-1631882635917\" class=\"tabs-content\"><p class=\"x_MsoNormal\">Migre seu sistema para a nuvem em poucas horas e reduza os seus gastos em TI<\/p>\n<p class=\"x_MsoNormal\"><span data-ogsc=\"black\">Com a \u00a0JSRS e a SKYONE\u00a0\u00a0 \u00a0<\/span><\/p>\n<p class=\"x_MsoNormal\">A Skyone j\u00e1 ajudou \u00a0mais de 1.000 empresas dos mais diversos tamanhos e segmentos a migrar para a nuvem , marque uma apresenta\u00e7\u00e3o e conhe\u00e7a melhor a nossa proposta.<\/p>\n<p>&nbsp;<\/p>\n<p><img class=\"aligncenter size-full wp-image-309\" src=\"http:\/\/jsrs.com.br\/web\/wp-content\/uploads\/2021\/09\/logoskyone.fw_.png\" alt=\"\" width=\"277\" height=\"158\" \/> <img class=\"aligncenter wp-image-312\" src=\"http:\/\/jsrs.com.br\/web\/wp-content\/uploads\/2021\/09\/SKYP1.fw_.png\" alt=\"\" width=\"720\" height=\"401\" \/><\/p>\n<p><img class=\"aligncenter wp-image-323\" src=\"http:\/\/jsrs.com.br\/web\/wp-content\/uploads\/2021\/09\/SKYONE-01-2_pages-to-jpg-0001.jpg\" alt=\"\" width=\"720\" height=\"1020\" \/><\/p>\n<p><strong>Transforme sua empresa com softwares na Nuvem <\/strong><br \/>\nAproveite a flexibilidade da Nuvem para otimizar a efici\u00eancia operacional e expandir sua empresa.<\/p>\n<p><strong>Por que migrar para a Nuvem? <\/strong><br \/>\nA nuvem fornece escalabilidade, economia e seguran\u00e7a para executar suas cargas de trabalho. Ao migrar para a nuvem, voc\u00ea n\u00e3o precisa se preocupar com as limita\u00e7\u00f5es de data centers locais, como os custos associados a reparo, manuten\u00e7\u00e3o e atualiza\u00e7\u00f5es do data center. A nuvem permite que voc\u00ea passe menos tempo gerenciando sua infraestrutura e mais tempo concentrando-se em inova\u00e7\u00f5es para os clientes.<\/p>\n<p><strong>Entendendo o processo de migra\u00e7\u00e3o para a nuvem <\/strong><br \/>\nMais organiza\u00e7\u00f5es est\u00e3o optando por migrar seus aplicativos de data centers locais para a nuvem, a fim de se concentrar nos diferenciais de neg\u00f3cios, ganhar agilidade e reduzir os gastos de CapEx. Antes de migrar, \u00e9 importante ter uma compreens\u00e3o dos fundamentos da migra\u00e7\u00e3o (ou seja, metodologia e processo) que permitem planejar e executar sua migra\u00e7\u00e3o na nuvem.<\/p>\n<h2>RECURSOS<\/h2>\n<p><strong> Migra\u00e7\u00e3o para a nuvem<\/strong><br \/>\nElimine problemas t\u00e9cnicos e aumente o foco na inova\u00e7\u00e3o para os clientes<\/p>\n<p><strong>Estrutura de ado\u00e7\u00e3o da nuvem<\/strong><br \/>\nA migra\u00e7\u00e3o transformando o modo como sua empresa opera<\/p>\n<p><strong>Migrando seguindo as pr\u00e1ticas recomendadas<\/strong><br \/>\nAs melhores pr\u00e1ticas de migra\u00e7\u00e3o aplicadas durante sua jornada<\/p>\n<p><strong>Um destino de pouso s\u00f3lido<\/strong><br \/>\nUm destino de pouso \u00e9 um ambiente na nuvem configurado, seguro, com escala corporativa seguindo a conformidade.<\/p>\n<\/div><\/div>\n<p>&nbsp;<\/p>\n<p>&nbsp;<\/p>\n","protected":false},"excerpt":{"rendered":"<div class=\"slide-text-bg2\"><span>&nbsp; &nbsp;<\/span><\/div>\n","protected":false},"author":1,"featured_media":0,"parent":0,"menu_order":0,"comment_status":"closed","ping_status":"closed","template":"","meta":[],"_links":{"self":[{"href":"http:\/\/jsrs.com.br\/index.php?rest_route=\/wp\/v2\/pages\/250"}],"collection":[{"href":"http:\/\/jsrs.com.br\/index.php?rest_route=\/wp\/v2\/pages"}],"about":[{"href":"http:\/\/jsrs.com.br\/index.php?rest_route=\/wp\/v2\/types\/page"}],"author":[{"embeddable":true,"href":"http:\/\/jsrs.com.br\/index.php?rest_route=\/wp\/v2\/users\/1"}],"replies":[{"embeddable":true,"href":"http:\/\/jsrs.com.br\/index.php?rest_route=%2Fwp%2Fv2%2Fcomments&post=250"}],"version-history":[{"count":6,"href":"http:\/\/jsrs.com.br\/index.php?rest_route=\/wp\/v2\/pages\/250\/revisions"}],"predecessor-version":[{"id":325,"href":"http:\/\/jsrs.com.br\/index.php?rest_route=\/wp\/v2\/pages\/250\/revisions\/325"}],"wp:attachment":[{"href":"http:\/\/jsrs.com.br\/index.php?rest_route=%2Fwp%2Fv2%2Fmedia&parent=250"}],"curies":[{"name":"wp","href":"https:\/\/api.w.org\/{rel}","templated":true}]}}